{"id":5670,"date":"2025-09-25T14:03:03","date_gmt":"2025-09-25T13:03:03","guid":{"rendered":"https:\/\/www.ggs-brueggen.de\/?page_id=5670"},"modified":"2025-09-25T14:03:04","modified_gmt":"2025-09-25T13:03:04","slug":"edupage-2","status":"publish","type":"page","link":"https:\/\/www.ggs-brueggen.de\/?page_id=5670","title":{"rendered":"EduPage"},"content":{"rendered":"\n<p><a href=\"https:\/\/www.ggs-brueggen.de\/wp-content\/uploads\/Handbuch_EduPage_Eltern_Webversion.pdf\" data-type=\"attachment\" data-id=\"5611\">Anleitung EduPage in der Browser-Version<\/a><\/p>\n\n\n\n<p><a href=\"https:\/\/www.ggs-brueggen.de\/wp-content\/uploads\/Handbuch_EduPage_Eltern_Appversion.pdf\" data-type=\"attachment\" data-id=\"5610\">Anleitung EduPage in der App-Version<\/a><\/p>\n\n\n\n<p><\/p>\n\n\n\n<p>Sie haben <strong>Schwierigkeiten<\/strong>, sich in EduPage anzumelden?<br><br><strong>Problem<\/strong>: In der App erscheint die Fehlermeldung, dass Ihr Konto nicht mit einem Schulkonto verkn\u00fcpft ist.<\/p>\n\n\n\n<p><strong>L\u00f6sung<\/strong>: Bitte <strong>l\u00f6schen<\/strong> Sie das pers\u00f6nliche Konto in der EduPage-App mit Best\u00e4tigung durch Passworteingabe.<br>Gehen Sie anschlie\u00dfend auf https:\/\/ggsbrueggen.edupage.org und klicken Sie auf &#8222;Passwort vergessen&#8220;. In der Email, die Sie erhalten, k\u00f6nnen Sie Ihr Passwort neu setzen. Mit einem anschlie\u00dfenden Klick auf &#8222;Anmelden&#8220; sollten Sie in der EduPage angemeldet sein. Erst <strong>danach<\/strong> k\u00f6nnen Sie sich in der App mit Ihren Zugangsdaten registrieren.<\/p>\n\n\n\n<p><\/p>\n\n\n\n<p><strong>Problem:<\/strong> Sie sind im Browser angemeldet, k\u00f6nnen sich aber nicht in der App anmelden.<\/p>\n\n\n\n<p><strong>L\u00f6sung:<\/strong> Bitte kontrollieren Sie, ob Sie unterhalb Ihrer Anmeldedaten im Textfeld &#8222;edupage&#8220; ggsbrueggen (ohne Leerzeichen davor oder dahinter) eingetragen haben.<\/p>\n\n\n\n<p><\/p>\n\n\n\n<p>Haben Sie dennoch Probleme mit EduPage? Bitte wenden Sie sich per E-Mail an rebecca.klein(at)ggs-brueggen.de<\/p>\n\n\n\n<p><\/p>\n\n\n\n<p><\/p>\n","protected":false},"excerpt":{"rendered":"<p>Anleitung EduPage in der Browser-Version Anleitung EduPage in der App-Version Sie haben Schwierigkeiten, sich in EduPage anzumelden? Problem: In der App erscheint die Fehlermeldung, dass Ihr Konto nicht mit einem Schulkonto verkn\u00fcpft ist. L\u00f6sung: Bitte l\u00f6schen Sie das pers\u00f6nliche Konto in der EduPage-App mit Best\u00e4tigung durch Passworteingabe.Gehen Sie anschlie\u00dfend auf https:\/\/ggsbrueggen.edupage.org und klicken Sie auf &hellip; <a href=\"https:\/\/www.ggs-brueggen.de\/?page_id=5670\" class=\"more-link\"><span class=\"screen-reader-text\">EduPage<\/span> weiterlesen <span class=\"meta-nav\">&rarr;<\/span><\/a><\/p>\n","protected":false},"author":3,"featured_media":0,"parent":0,"menu_order":0,"comment_status":"closed","ping_status":"closed","template":"","meta":{"footnotes":""},"class_list":["post-5670","page","type-page","status-publish","hentry"],"_links":{"self":[{"href":"https:\/\/www.ggs-brueggen.de\/index.php?rest_route=\/wp\/v2\/pages\/5670","targetHints":{"allow":["GET"]}}],"collection":[{"href":"https:\/\/www.ggs-brueggen.de\/index.php?rest_route=\/wp\/v2\/pages"}],"about":[{"href":"https:\/\/www.ggs-brueggen.de\/index.php?rest_route=\/wp\/v2\/types\/page"}],"author":[{"embeddable":true,"href":"https:\/\/www.ggs-brueggen.de\/index.php?rest_route=\/wp\/v2\/users\/3"}],"replies":[{"embeddable":true,"href":"https:\/\/www.ggs-brueggen.de\/index.php?rest_route=%2Fwp%2Fv2%2Fcomments&post=5670"}],"version-history":[{"count":1,"href":"https:\/\/www.ggs-brueggen.de\/index.php?rest_route=\/wp\/v2\/pages\/5670\/revisions"}],"predecessor-version":[{"id":5671,"href":"https:\/\/www.ggs-brueggen.de\/index.php?rest_route=\/wp\/v2\/pages\/5670\/revisions\/5671"}],"wp:attachment":[{"href":"https:\/\/www.ggs-brueggen.de\/index.php?rest_route=%2Fwp%2Fv2%2Fmedia&parent=5670"}],"curies":[{"name":"wp","href":"https:\/\/api.w.org\/{rel}","templated":true}]}}