{"id":277,"date":"2010-01-27T20:22:27","date_gmt":"2010-01-27T19:22:27","guid":{"rendered":"http:\/\/www.ggs-brueggen.de\/?page_id=277"},"modified":"2025-09-01T11:28:13","modified_gmt":"2025-09-01T10:28:13","slug":"allgemeine-informationen","status":"publish","type":"page","link":"https:\/\/www.ggs-brueggen.de\/?page_id=277","title":{"rendered":"Allgemeine Informationen"},"content":{"rendered":"<p><u>Tr\u00e4ger der OGS:<\/u><\/p>\n<p><a href=\"https:\/\/www.schulemitherz.de\/unsere-standorte\/kerpen-albert-schweitzer-schule\/\">Schule mit Herz e.V.<\/a><br \/>Blumenstra\u00dfe 15<br \/>50126 Bergheim<\/p>\n<p><u>Kontakt Tr\u00e4ger:<\/u><\/p>\n<p>Gesch\u00e4ftsf\u00fchrer: Thomas Lorenz<br \/>Mail: t.lorenz(at)Schulemitherz.de<\/p>\n<p><u>Adresse der OGS:<\/u><\/p>\n<p>Waldstr.26<br \/>50169 Kerpen<\/p>\n<p><u>Kontakt OGS:<\/u><\/p>\n<p>Einrichtungsleiterin: Eva Thybussek<br \/>Mail: ogs-brueggen(at)schulemitherz.de<br \/>Telefon: 02237 602 994 0<\/p>\n<p><u>Ziele der OGS<\/u><\/p>\n<p align=\"justify\">Die Kinder erfahren in der OGS Bildung, Erziehung und Betreuung entsprechend dem Schulprogramm. Unter Einbeziehung des sozialen und kulturellen Umfeldes der Schule soll die Pers\u00f6nlichkeitsentwicklung des einzelnen Kindes gef\u00f6rdert werden. Dazu geh\u00f6rt die St\u00e4rkung des Selbstwertgef\u00fchls genauso wie das Erlernen sozialer und emotionaler Kompetenzen.<\/p>\n<p align=\"justify\"><u>F\u00f6rderung<\/u><\/p>\n<p align=\"justify\">Individuelle F\u00f6rderung durch abwechslungsreiche, altersgem\u00e4\u00dfe und der Interessenlage der Kinder entsprechende Besch\u00e4ftigungsangebote. Individuelle F\u00f6rderung setzt dort an, wo das Kind steht. Raum- und Gruppenangebot geben den Kindern die M\u00f6glichkeit ihre Kreativit\u00e4t und Phantasie auszuleben.<\/p>\n<p align=\"justify\"><u>Teilnahmepflicht<\/u><\/p>\n<p align=\"justify\">F\u00fcr alle OGS-Kinder besteht eine Teilnahmepflicht an der OGS an allen Unterrichtstagen bis 15.00 Uhr, bei einer \u00d6ffnungszeit bis 16.00 Uhr. Abholzeit ist um 15.00 Uhr <u>oder<\/u> um 16.00 Uhr. <em>Eine Abholung vor 15.00 Uhr ist nur aus wichtigen Gr\u00fcnden m\u00f6glich<\/em>, die auch nach Schulgesetz im normalen Unterrichtsbetrieb zu einer Befreiung vom Unterricht f\u00fchren w\u00fcrden.<\/p>\n<p align=\"justify\"><u>Raumangebot<\/u><\/p>\n<p align=\"justify\">Der OGS stehen f\u00fcnf gro\u00dfz\u00fcgige Gruppenr\u00e4ume mit vielf\u00e4ltigen Besch\u00e4ftigungsangeboten zur Verf\u00fcgung, z. B. Bauecke, Lesecke, Mal- und Basteltisch, zahlreiche Tischspiele, Kicker. Zus\u00e4tzlich steht ein Werkraum zur Verf\u00fcgung.<\/p>\n<p align=\"justify\">Das gemeinsame Mittagessen findet in der separaten Mensa statt. Die Hausaufgaben k\u00f6nnen in verschiedenen Klassenr\u00e4umen erledigt werden. Die Turnhalle erg\u00e4nzt das Raumangebot. Ein sehr kindgerechtes Au\u00dfengel\u00e4nde mit zahlreichen Spielm\u00f6glichkeiten kann von den Kindern jederzeit genutzt werden.<\/p>\n<p><u>Team<\/u><\/p>\n<p align=\"justify\">Mit zur Zeit zehn p\u00e4dagogischen Mitarbeiter*innen (Erzieher*innen und Kinderpfleger*innen) und 2 K\u00fcchenkr\u00e4ften steht ein professionell ausgebildetes Team bereit, das die qualifizierte Betreuung der Kinder gew\u00e4hrleistet. Das Lehrerkollegium unterst\u00fctzt das Team bei der Hausaufgabenbetreuung. F\u00fcr die AGs stehen erg\u00e4nzend Honorarkr\u00e4fte zur Verf\u00fcgung.<\/p>\n<p align=\"justify\"><u>Zusammenarbeit mit Eltern und Lehrern<\/u><\/p>\n<p align=\"justify\">In enger Kooperation zwischen OGS, Eltern und Lehrerkollegium k\u00f6nnen die Interessen und Belange der Kinder optimale Ber\u00fccksichtigung finden. In der Albert-Schweitzer-Schule wird die Entwicklung der OGS regelm\u00e4\u00dfig im Rahmen eines sogenannten Qualit\u00e4tszirkels (QZ) thematisiert. Dieses Gremium setzt sich zusammen aus Vertretern der Schule, des OGS-Tr\u00e4gers, der Elternschaft und der Kommune. Hier findet sich die Basis f\u00fcr gemeinsame \u00dcberlegungen und weitergehende Vernetzung.<\/p>\n<p align=\"justify\">Ein Informationsabend f\u00fcr Eltern findet regelm\u00e4\u00dfig zu Beginn eines jeden Schuljahres statt. Gew\u00e4hlte Elternvertreter nehmen am Qualit\u00e4tszirkel teil, sind Ansprechpartner f\u00fcr alle Eltern und unterst\u00fctzen das Team bei der Gestaltung von Projekten und Feiern. Dazu erhalten alle Eltern regelm\u00e4\u00dfig Elternmitteilungen mit wichtigen Daten der OGS sowie aktuelle Termine. Elterngespr\u00e4che sind nach Terminabsprache jederzeit m\u00f6glich.<\/p>\n<p align=\"justify\">Das Team steht im engen Kontakt mit der Schulleitung und dem Lehrerkollegium und tauscht sich \u00fcber den Leistungsstand der Kinder, die Art der jeweiligen F\u00f6rderung und \u00fcber das soziale Verhalten der Kinder aus. Die Leiterin der OGS nimmt an Lehrerkonferenzen teil.<\/p>\n\n\n<p><\/p>\n","protected":false},"excerpt":{"rendered":"<p>Tr\u00e4ger der OGS: Schule mit Herz e.V.Blumenstra\u00dfe 1550126 Bergheim Kontakt Tr\u00e4ger: Gesch\u00e4ftsf\u00fchrer: Thomas LorenzMail: t.lorenz(at)Schulemitherz.de Adresse der OGS: Waldstr.2650169 Kerpen Kontakt OGS: Einrichtungsleiterin: Eva ThybussekMail: ogs-brueggen(at)schulemitherz.deTelefon: 02237 602 994 0 Ziele der OGS Die Kinder erfahren in der OGS Bildung, Erziehung und Betreuung entsprechend dem Schulprogramm. Unter Einbeziehung des sozialen und kulturellen Umfeldes der Schule &hellip; <a href=\"https:\/\/www.ggs-brueggen.de\/?page_id=277\" class=\"more-link\"><span class=\"screen-reader-text\">Allgemeine Informationen<\/span> weiterlesen <span class=\"meta-nav\">&rarr;<\/span><\/a><\/p>\n","protected":false},"author":5,"featured_media":0,"parent":66,"menu_order":0,"comment_status":"closed","ping_status":"closed","template":"","meta":{"footnotes":""},"class_list":["post-277","page","type-page","status-publish","hentry"],"_links":{"self":[{"href":"https:\/\/www.ggs-brueggen.de\/index.php?rest_route=\/wp\/v2\/pages\/277","targetHints":{"allow":["GET"]}}],"collection":[{"href":"https:\/\/www.ggs-brueggen.de\/index.php?rest_route=\/wp\/v2\/pages"}],"about":[{"href":"https:\/\/www.ggs-brueggen.de\/index.php?rest_route=\/wp\/v2\/types\/page"}],"author":[{"embeddable":true,"href":"https:\/\/www.ggs-brueggen.de\/index.php?rest_route=\/wp\/v2\/users\/5"}],"replies":[{"embeddable":true,"href":"https:\/\/www.ggs-brueggen.de\/index.php?rest_route=%2Fwp%2Fv2%2Fcomments&post=277"}],"version-history":[{"count":34,"href":"https:\/\/www.ggs-brueggen.de\/index.php?rest_route=\/wp\/v2\/pages\/277\/revisions"}],"predecessor-version":[{"id":5625,"href":"https:\/\/www.ggs-brueggen.de\/index.php?rest_route=\/wp\/v2\/pages\/277\/revisions\/5625"}],"up":[{"embeddable":true,"href":"https:\/\/www.ggs-brueggen.de\/index.php?rest_route=\/wp\/v2\/pages\/66"}],"wp:attachment":[{"href":"https:\/\/www.ggs-brueggen.de\/index.php?rest_route=%2Fwp%2Fv2%2Fmedia&parent=277"}],"curies":[{"name":"wp","href":"https:\/\/api.w.org\/{rel}","templated":true}]}}