{"id":2702,"date":"2017-10-01T18:55:12","date_gmt":"2017-10-01T17:55:12","guid":{"rendered":"http:\/\/www.ggs-brueggen.de\/?page_id=2702"},"modified":"2023-12-21T18:07:38","modified_gmt":"2023-12-21T17:07:38","slug":"ueber-uns","status":"publish","type":"page","link":"https:\/\/www.ggs-brueggen.de\/?page_id=2702","title":{"rendered":"\u00dcber uns"},"content":{"rendered":"<p align=\"left\">Herzlich Willkommen auf der Internetseite der Gemeinschaftsgrundschule Kerpen-Br\u00fcggen. Unsere zweiz\u00fcgige Schule liegt im Stadtteil Br\u00fcggen der Stadt Kerpen. In diesem Schuljahr werden ca. 200 Sch\u00fclerinnen und Sch\u00fcler in acht Klassen, davon vier Klassen in der Schuleingangsphase unterrichtet.<\/p>\n<p align=\"left\">In unseren Klassen lernen deutsche Sch\u00fclerinnen und Sch\u00fcler gemeinsam mit Kindern aus Familien mit Zuwanderungsgeschichte und Kindern mit sonderp\u00e4dagogischen F\u00f6rderbedarf im Gemeinsamen Lernen.<\/p>\n<p align=\"justify\">Als <a href=\"http:\/\/www.ggs-brueggen.de\/?page_id=66\">Offene Ganztagsschule<\/a> bieten wir in zwei Gruppen sechzig Ganztagspl\u00e4tze und zus\u00e4tzlich f\u00fcnfundzwanzig Betreuungspl\u00e4tze im Halbtagsbetrieb an. Der Ganztag steht in der Tr\u00e4gerschaft des Vereins \u201eSchule mit Herz\u201c.<\/p>\n<p align=\"justify\">Das Schulgeb\u00e4ude bietet uns in zwei Geb\u00e4udeteilen ausreichend Platz. Neben den notwendigen Klassenr\u00e4umen gibt es einen Musikraum, zwei Englischr\u00e4ume, einen GU-Raum, eine Aula mit B\u00fchne, eine Schulk\u00fcche sowie eine Mensa. Besonders beliebt bei unseren Kindern ist der gro\u00dfz\u00fcgige Au\u00dfenspielbereich mit vielen attraktiven Spielger\u00e4ten.<\/p>\n<p align=\"justify\">Zu unseren p\u00e4dagogischen Zielen, Leitgedanken und Schwerpunkten k\u00f6nnen Sie sich unter dem Punkt <a href=\"http:\/\/www.ggs-brueggen.de\/?page_id=73\">Schulprogramm<\/a> informieren. Unter dem Punkt <a href=\"http:\/\/www.ggs-brueggen.de\/?page_id=685\">Projekte<\/a> erfahren Sie mehr \u00fcber klassen\u00fcbergreifende Projekte, z.B. \u00fcber unser Zirkusprojekt im Juni 2014. Ein neuer Termin mit dem Zirkus Casselly ist bereits vereinbart f\u00fcr die Woche vom 25. bis 30.06.2018.<\/p>\n<p><a href=\"http:\/\/www.ggs-brueggen.de\/?page_id=632\">Team<\/a><\/p>\n<p><a href=\"http:\/\/www.ggs-brueggen.de\/?page_id=632\">Lehrersprechstunden<\/a><\/p>\n<p><a href=\"http:\/\/www.ggs-brueggen.de\/?page_id=631\">Beratung<\/a><\/p>\n<p><a href=\"http:\/\/www.ggs-brueggen.de\/?page_id=633\">Elternsprechtage<\/a><\/p>\n<p><a href=\"http:\/\/www.ggs-brueggen.de\/?page_id=634\">Offene Sprechstunde<\/a><\/p>\n<p><a href=\"http:\/\/www.ggs-brueggen.de\/?page_id=80\">Klassen<\/a><\/p>\n","protected":false},"excerpt":{"rendered":"<p>Herzlich Willkommen auf der Internetseite der Gemeinschaftsgrundschule Kerpen-Br\u00fcggen. Unsere zweiz\u00fcgige Schule liegt im Stadtteil Br\u00fcggen der Stadt Kerpen. In diesem Schuljahr werden ca. 200 Sch\u00fclerinnen und Sch\u00fcler in acht Klassen, davon vier Klassen in der Schuleingangsphase unterrichtet. In unseren Klassen lernen deutsche Sch\u00fclerinnen und Sch\u00fcler gemeinsam mit Kindern aus Familien mit Zuwanderungsgeschichte und Kindern mit &hellip; <a href=\"https:\/\/www.ggs-brueggen.de\/?page_id=2702\" class=\"more-link\"><span class=\"screen-reader-text\">\u00dcber uns<\/span> weiterlesen <span class=\"meta-nav\">&rarr;<\/span><\/a><\/p>\n","protected":false},"author":3,"featured_media":0,"parent":0,"menu_order":0,"comment_status":"closed","ping_status":"closed","template":"","meta":{"footnotes":""},"class_list":["post-2702","page","type-page","status-publish","hentry"],"_links":{"self":[{"href":"https:\/\/www.ggs-brueggen.de\/index.php?rest_route=\/wp\/v2\/pages\/2702","targetHints":{"allow":["GET"]}}],"collection":[{"href":"https:\/\/www.ggs-brueggen.de\/index.php?rest_route=\/wp\/v2\/pages"}],"about":[{"href":"https:\/\/www.ggs-brueggen.de\/index.php?rest_route=\/wp\/v2\/types\/page"}],"author":[{"embeddable":true,"href":"https:\/\/www.ggs-brueggen.de\/index.php?rest_route=\/wp\/v2\/users\/3"}],"replies":[{"embeddable":true,"href":"https:\/\/www.ggs-brueggen.de\/index.php?rest_route=%2Fwp%2Fv2%2Fcomments&post=2702"}],"version-history":[{"count":6,"href":"https:\/\/www.ggs-brueggen.de\/index.php?rest_route=\/wp\/v2\/pages\/2702\/revisions"}],"predecessor-version":[{"id":5147,"href":"https:\/\/www.ggs-brueggen.de\/index.php?rest_route=\/wp\/v2\/pages\/2702\/revisions\/5147"}],"wp:attachment":[{"href":"https:\/\/www.ggs-brueggen.de\/index.php?rest_route=%2Fwp%2Fv2%2Fmedia&parent=2702"}],"curies":[{"name":"wp","href":"https:\/\/api.w.org\/{rel}","templated":true}]}}