{"id":182,"date":"2009-12-11T11:17:13","date_gmt":"2009-12-11T09:17:13","guid":{"rendered":"http:\/\/www.ggs-brueggen.de\/?page_id=182"},"modified":"2018-06-18T16:48:55","modified_gmt":"2018-06-18T15:48:55","slug":"gesundes-fruhstuck","status":"publish","type":"page","link":"https:\/\/www.ggs-brueggen.de\/?page_id=182","title":{"rendered":"Gesundes Fr&uuml;hst&uuml;ck"},"content":{"rendered":"<p align=\"justify\">Seit April 2009 f\u00fchrt unsere Schule das Projekt \u201eGesund und fit \u2013 mach mit!\u201c durch. Ziel ist es den immer h\u00e4ufiger nicht zufrieden stellenden Ern\u00e4hrungssituationen unserer Sch\u00fcler und Sch\u00fclerinnen entgegenzuwirken und sie mit gesunder Ern\u00e4hrung vertraut zu machen.<\/p>\n<p align=\"justify\">Zusammen mit Lehrern, Eltern, Sch\u00fclern und einer externen Fachkraft (\u00d6kotrophologin) wurde dieses Projekt geplant. Zun\u00e4chst wurde das Thema Ern\u00e4hrung in den Klassen der 3. und 4. Schuljahre mit unterschiedlichen Schwerpunkten und Aktionen im Sachunterricht behandelt. Neben zahlreichen Informationen wurden die Sch\u00fclerinnen und Sch\u00fcler praktisch angeleitet ausgew\u00e4hlte gesunde Fr\u00fchst\u00fccksspeisen zuzubereiten. Die erste Phase des schulweiten gesunden Fr\u00fchst\u00fcck konnte starten. Unter Anleitung wurden an jedem Donnerstagmorgen die Fr\u00fchst\u00fccksspeisen (gesund belegte Vollkornbr\u00f6tchen, Vollkornbrote sowie Obstspie\u00dfe und Obst- und Gem\u00fcsest\u00fccke) von einer ausgew\u00e4hlten Sch\u00fclergruppe der Jahrgangsstufen 3 und 4 mit tatkr\u00e4ftiger Unterst\u00fctzung von Seiten der Eltern zubereitet. In der Fr\u00fchst\u00fcckspause konnten die anderen Kinder der Schule die Fr\u00fchst\u00fccksspeisen zu einem geringen Preis erwerben.<\/p>\n<p align=\"justify\">Da dieses Projekt bei allen Beteiligten gro\u00dfen Zuspruch fand, wird es seitdem unter organisatorischer Federf\u00fchrung der Schulpflegschaft fortgef\u00fchrt.<\/p>\n<p align=\"center\">Sch\u00fcler und Eltern bereiten gemeinsam die Fr\u00fchst\u00fccksspeisen zu.<\/p>\n<p align=\"justify\">\n<p align=\"center\"><a href=\"http:\/\/www.ggs-brueggen.de\/wp-content\/uploads\/GesundesFrhstck_D11C\/Bild018.jpg\" rel=\"lightbox\"><img loading=\"lazy\" decoding=\"async\" style=\"display: block; float: none; margin-left: auto; margin-right: auto; border-width: 0px;\" title=\"Bild 018\" src=\"http:\/\/www.ggs-brueggen.de\/wp-content\/uploads\/GesundesFrhstck_D11C\/Bild018_thumb.jpg\" alt=\"Bild 018\" width=\"448\" height=\"300\" border=\"0\" \/><\/a> Das fertige Buffet<\/p>\n<p align=\"center\">Nachdem sich die Sch\u00fcler Fr\u00fchst\u00fccksspeisen ausgesucht haben, stellen sie sich an einer der Kassen an. Hier rechnen Sch\u00fcler mit Unterst\u00fctzung der Eltern den Preis aus und verkaufen die leckeren Speisen.<\/p>\n<p align=\"justify\">\n","protected":false},"excerpt":{"rendered":"<p>Seit April 2009 f\u00fchrt unsere Schule das Projekt \u201eGesund und fit \u2013 mach mit!\u201c durch. Ziel ist es den immer h\u00e4ufiger nicht zufrieden stellenden Ern\u00e4hrungssituationen unserer Sch\u00fcler und Sch\u00fclerinnen entgegenzuwirken und sie mit gesunder Ern\u00e4hrung vertraut zu machen. Zusammen mit Lehrern, Eltern, Sch\u00fclern und einer externen Fachkraft (\u00d6kotrophologin) wurde dieses Projekt geplant. Zun\u00e4chst wurde das &hellip; <a href=\"https:\/\/www.ggs-brueggen.de\/?page_id=182\" class=\"more-link\"><span class=\"screen-reader-text\">Gesundes Fr&uuml;hst&uuml;ck<\/span> weiterlesen <span class=\"meta-nav\">&rarr;<\/span><\/a><\/p>\n","protected":false},"author":5,"featured_media":0,"parent":73,"menu_order":0,"comment_status":"closed","ping_status":"closed","template":"","meta":{"footnotes":""},"class_list":["post-182","page","type-page","status-publish","hentry"],"_links":{"self":[{"href":"https:\/\/www.ggs-brueggen.de\/index.php?rest_route=\/wp\/v2\/pages\/182","targetHints":{"allow":["GET"]}}],"collection":[{"href":"https:\/\/www.ggs-brueggen.de\/index.php?rest_route=\/wp\/v2\/pages"}],"about":[{"href":"https:\/\/www.ggs-brueggen.de\/index.php?rest_route=\/wp\/v2\/types\/page"}],"author":[{"embeddable":true,"href":"https:\/\/www.ggs-brueggen.de\/index.php?rest_route=\/wp\/v2\/users\/5"}],"replies":[{"embeddable":true,"href":"https:\/\/www.ggs-brueggen.de\/index.php?rest_route=%2Fwp%2Fv2%2Fcomments&post=182"}],"version-history":[{"count":7,"href":"https:\/\/www.ggs-brueggen.de\/index.php?rest_route=\/wp\/v2\/pages\/182\/revisions"}],"predecessor-version":[{"id":3070,"href":"https:\/\/www.ggs-brueggen.de\/index.php?rest_route=\/wp\/v2\/pages\/182\/revisions\/3070"}],"up":[{"embeddable":true,"href":"https:\/\/www.ggs-brueggen.de\/index.php?rest_route=\/wp\/v2\/pages\/73"}],"wp:attachment":[{"href":"https:\/\/www.ggs-brueggen.de\/index.php?rest_route=%2Fwp%2Fv2%2Fmedia&parent=182"}],"curies":[{"name":"wp","href":"https:\/\/api.w.org\/{rel}","templated":true}]}}