{"id":110,"date":"2009-10-05T19:38:56","date_gmt":"2009-10-05T17:38:56","guid":{"rendered":"http:\/\/www.ggs-brueggen.de\/?page_id=110"},"modified":"2023-12-21T20:03:02","modified_gmt":"2023-12-21T19:03:02","slug":"impressum","status":"publish","type":"page","link":"https:\/\/www.ggs-brueggen.de\/?page_id=110","title":{"rendered":"Impressum\/Datenschutz"},"content":{"rendered":"<h4>Datenschutzerkl\u00e4rung und Informationspflicht nach Art. 13, 14 DSGVO<\/h4>\n<p><strong>Ihre Rechte als Nutzer<br \/>\n<\/strong>Sie haben nach Ma\u00dfgabe der Artikel 15, 16, 17, 18 und 21 EU-DSGVO gegen\u00fcber uns folgende Rechte hinsichtlich der Sie betreffenden personenbezogenen Daten:<\/p>\n<ul>\n<li>Recht auf Auskunft,<\/li>\n<li>Recht auf Berichtigung oder L\u00f6schung,<\/li>\n<li>Recht auf Einschr\u00e4nkung der Verarbeitung,<\/li>\n<li>Recht auf Widerspruch gegen die Verarbeitung,<\/li>\n<li>Recht auf Daten\u00fcbertragbarkeit.<\/li>\n<\/ul>\n<p>Wenn Sie der Auffassung sind, dass eine Verarbeitung Ihrer personenbezogener Daten gegen Datenschutzrecht verst\u00f6\u00dft, haben Sie das Recht, sich bei der zust\u00e4ndigen Aufsichtsbeh\u00f6rde zu beschweren, die Sie unter folgenden Kontaktdaten erreichen k\u00f6nnen:<\/p>\n<p>Landesbeauftragte f\u00fcr Datenschutz und Informationsfreiheit Nordrhein-Westfalen<br \/>\nPostfach 20 04 44<br \/>\n40102 D\u00fcsseldorf<br \/>\nTel.: 0211\/38424-0<br \/>\nFax: 0211\/38424-10<br \/>\nE-Mail: poststelle@ldi.nrw.de<\/p>\n<p><strong>Name und Anschrift des Verantwortlichen (siehe\u00a0<a href=\"http:\/\/www.ggs-brueggen.de\/?page_id=110\">Impressum<\/a>)<\/strong><\/p>\n<p>Verantwortlicher gem. Art. 4 Nr. 7 EU-Datenschutz-Grundverordnung (EU-DSGVO) ist<\/p>\n<p>Albert-Schweitzer-Schule<br \/>\nSusanne Klein<br \/>\nWaldstra\u00dfe 26<br \/>\n50169 Kerpen<br \/>\nDeutschland<br \/>\nTel.: 02237-7707<br \/>\nE-Mail: sekretariat(at)ggs-brueggen.de<br \/>\nWebsite: <a href=\"http:\/\/www.ggs-brueggen.de\">www.ggs-brueggen.de<\/a><\/p>\n<p><strong>Name und Anschrift des Datenschutzbeauftragten<\/strong><\/p>\n<p>J\u00f6rg Paulke<br \/>\nSchulamt f\u00fcr den Rhein-Erft-Kreis<br \/>\nWilly-Brandt-Platz 1<br \/>\n50126 Bergheim<br \/>\nDeutschland<br \/>\nTel.: 02234\/955570<br \/>\nE-Mail: datenschutz(at)rhein-erft-kreis.de oder joerg.paulke(at)rhein-erft-kreis.de<\/p>\n<p><strong>Hinweise zur Datenverarbeitung<\/strong><\/p>\n<p>Bei dem Aufruf unserer Website werden personenbezogene Daten erhoben. Dies ist aus technischen Gr\u00fcnden erforderlich, um Ihnen unsere Website anzuzeigen und die Stabilit\u00e4t und Sicherheit zu gew\u00e4hrleisten. Rechtsgrundlage ist Art. 6 Abs. 1 S. 1 lit. e, Abs. 3 EU-DSGVO in Verbindung mit \u00a7 3 Abs. 1 Datenschutzgesetz Nordrhein-Westfalen (DSG NRW).\u00a0Den Gesetzestext in deutscher Fassung finden Sie unter <a href=\"https:\/\/dsgvo-gesetz.de\/art-6-dsgvo\/\" target=\"_blank\" rel=\"noopener\">https:\/\/dsgvo-gesetz.de\/art-6-dsgvo\/<\/a>.<\/p>\n<p><strong>Logfiles<\/strong><\/p>\n<p>Bei jedem Aufruf unserer Internetseiten werden automatisiert erhoben und in Logfiles gespeichert:<\/p>\n<ol>\n<li>Informationen \u00fcber den Browsertyp und die verwendete Version,<\/li>\n<li>das Betriebssystem des Nutzers,<\/li>\n<li>den Internet-Service-Provider des Nutzers,<\/li>\n<li>die IP-Adresse des Nutzers (anonymisiert),<\/li>\n<li>Website, von der die Anforderung kommt,<\/li>\n<li>Datum und Uhrzeit des Zugriffs.<\/li>\n<\/ol>\n<p>Wir weisen darauf hin, dass Betreiber von fremden Internetseiten, die vom Portal aus verlinkt werden, die Daten von Besucherinnen bzw. Besuchern dieser Internetseiten erheben und auswerten k\u00f6nnen.<\/p>\n<p>Bei Ihrer Kontaktaufnahme mit uns per E-Mail m\u00fcssen die von Ihnen freiwillig mitgeteilten Daten (Ihre E-Mail-Adresse, ggf. Ihr Name und Ihre Telefonnummer) gespeichert werden, um Ihrem Anliegen entgegen kommen zu k\u00f6nnen. Rechtsgrundlage ist Art. 6 Abs. 1 S. 1 lit. e, Abs. 3 EU-DSGVO in Verbindung mit \u00a7 3 Abs. 1 Datenschutzgesetz Nordrhein-Westfalen (DSG NRW). Die von Ihnen eingegebenen pers\u00f6nlichen Daten verwenden wir nur zu dem von Ihnen gew\u00fcnschten Zweck. Die in diesem Zusammenhang anfallenden Daten l\u00f6schen wir, nachdem die Speicherung nicht mehr erforderlich ist.<\/p>\n<p><strong>Cookies<\/strong><\/p>\n<p>Das Homepage-Angebot verwendet sogenannte \u201eCookies\u201c. Bei Cookies handelt es sich um kleine Textdateien, die auf Ihrem Rechner abgelegt werden und die Ihr Browser speichert. Diese dienen dazu, unser Angebot f\u00fcr Sie nutzerfreundlicher und effektiver zu machen. Rechtsgrundlage ist Art. 6 Abs. 1 S. 1 lit. e, Abs. 3 EU-DSGVO in Verbindung mit \u00a7 3 Abs. 1 Datenschutzgesetz Nordrhein-Westfalen (DSG NRW).Sie k\u00f6nnen die Verwendung von Cookies dadurch unterbinden, indem Sie Ihren Internet-browser so einstellen, dass dieser keine Cookies akzeptiert. Sie k\u00f6nnen in Ihrem Browser aber auch festlegen, ob Sie \u00fcber das Setzen von Cookies informiert werden m\u00f6chten und Cookies nur im Einzelfall erlauben, ob Sie die Annahme von Cookies f\u00fcr bestimmte F\u00e4lle oder eben auch generell ausschlie\u00dfen. Au\u00dferdem k\u00f6nnen Sie das automatische L\u00f6schen der Cookies beim Schlie\u00dfen des Browser aktivieren. Wie man das macht, h\u00e4ngt von Ihrem Browser ab. Beim erstmaligen Besuch des Internetangebotes bzw. einer Seite werden Sie automatisch auf die Cookie-Nutzung hingewiesen.<\/p>\n<p><strong>Erhebung und Verarbeitung personenbezogener Daten<\/strong><\/p>\n<p>Bei der Schulanmeldung werden personenbezogene Daten erhoben. Zul\u00e4ssigkeit, Verfahren, Zweck, Umfang und Fristen sind in der \u201eVerordnung\u00a0\u00fcber die zur Verarbeitung zugelassenen Daten\u00a0von Sch\u00fclerinnen, Sch\u00fclern und Eltern (VO-DV I)\u201c geregelt, die Sie <a href=\"http:\/\/www.ggs-brueggen.de\/wp-content\/uploads\/VO-DV_I.pdf\" target=\"_blank\" rel=\"noopener\">hier<\/a> einsehen k\u00f6nnen. Allgemeine Informationen zum Datenschutz finden Sie <a href=\"http:\/\/www.ggs-brueggen.de\/wp-content\/uploads\/Datenschutzinfo-Sch\u00fcler.pdf\">hier<\/a>.<\/p>\n<p>F\u00fcr Lehrkr\u00e4fte und sonstiges sozial-\/p\u00e4dagogisches Personal im Landesdienst werden ebenfalls personenbezogene Daten erhoben. Informationen \u00fcber Zul\u00e4ssigkeit, Verfahren, Zweck, Umfang und Fristen sind in der \u201eVerordnung\u00a0\u00fcber die zur Verarbeitung zugelassenen Daten der Lehrerinnen und Lehrer (VO-DV II)\u201c geregelt, die <a href=\"http:\/\/www.ggs-brueggen.de\/wp-content\/uploads\/VO-DV_II.pdf\" target=\"_blank\" rel=\"noopener\">hier<\/a> eingesehen werden k\u00f6nnen. Allgemeine Informationen zum Datenschutz finden Sie <a href=\"http:\/\/www.ggs-brueggen.de\/wp-content\/uploads\/Datenschutzinfo-Lehrer.pdf\">hier<\/a>.<\/p>\n<p>Datenschutzinformationen zum Thema &#8222;Jitsi&#8220; finden Sie <a href=\"https:\/\/www.ggs-brueggen.de\/wp-content\/uploads\/Datenschutzinfo-Jitsi.pdf\">hier<\/a>.<\/p>\n<p><span style=\"color: #c0c0c0;\">___________________________________________________________________<\/span><\/p>\n<h3>Impressum:<\/h3>\n<p><strong><strong>Angaben gem\u00e4\u00df \u00a7 5 TMG<\/strong>:<\/strong><\/p>\n<p>Albert-Schweitzer-Schule<br \/>\nSusanne Klein<br \/>\nWaldstr. 26<br \/>\n50169 Kerpen<br \/>\nTel.: 02237-7707<br \/>\nFax: 02237-921909<br \/>\nMail: sekretariat(at)ggs-brueggen.de<\/p>\n<p><strong>Verantwortlich f\u00fcr den Inhalt nach \u00a7 55 Abs. 2 RStV:<\/strong><\/p>\n<p>Albert-Schweitzer-Schule<br \/>\nSusanne Klein<br \/>\nWaldstr. 26<br \/>\n50169 Kerpen<br \/>\nTel.: 02237-7707<br \/>\nFax: 02237-921909<br \/>\nMail: schulleitung(at)ggs-brueggen.de<\/p>\n<h6><span style=\"color: #c0c0c0;\">_____________________________________________________<\/span><\/h6>\n<h6><strong>Haftungsausschluss:<\/strong><\/h6>\n<p><strong>Haftung f\u00fcr Inhalte<\/strong><\/p>\n<p>Die Inhalte unserer Seiten wurden mit gr\u00f6\u00dfter Sorgfalt erstellt. F\u00fcr die Richtigkeit, Vollst\u00e4ndigkeit und Aktualit\u00e4t der Inhalte k\u00f6nnen wir jedoch keine Gew\u00e4hr \u00fcbernehmen. Als Dienstanbieter sind wir gem\u00e4\u00df \u00a7 7 Abs.1 TMG f\u00fcr eigene Inhalte auf diesen Seiten nach den allgemeinen Gesetzen verantwortlich. Nach \u00a7\u00a7 8 bis 10 TMG sind wir als Diensteanbieter jedoch nicht verpflichtet, \u00fcbermittelte oder gespeicherte fremde Informationen zu \u00fcberwachen oder nach Umst\u00e4nden zu forschen, die auf eine rechtswidrige T\u00e4tigkeit hinweisen. Verpflichtungen zur Entfernung oder Sperrung der Nutzung von Informationen nach den allgemeinen Gesetzen bleiben hiervon unber\u00fchrt. Eine diesbez\u00fcgliche Haftung ist jedoch erst ab dem Zeitpunkt der Kenntnis einer konkreten Rechtsverletzung m\u00f6glich. Bei Bekanntwerden von entsprechenden Rechtsverletzungen werden wir diese Inhalte umgehend entfernen.<\/p>\n<p><strong>Haftung f\u00fcr Links<\/strong><\/p>\n<p>Unser Angebot enth\u00e4lt Links zu externen Webseiten Dritter, auf deren Inhalte wir keinen Einfluss haben. Deshalb k\u00f6nnen wir f\u00fcr diese fremden Inhalte auch keine Gew\u00e4hr \u00fcbernehmen. F\u00fcr die Inhalte der verlinkten Seiten ist stets der jeweilige Anbieter oder Betreiber der Seiten verantwortlich. Die verlinkten Seiten wurden zum Zeitpunkt der Verlinkung auf m\u00f6gliche Rechtsverst\u00f6\u00dfe \u00fcberpr\u00fcft. Rechtswidrige Inhalte waren zum Zeitpunkt der Verlinkung nicht erkennbar. Eine permanente inhaltliche Kontrolle der verlinkten Seiten ist jedoch ohne konkrete Anhaltspunkte einer Rechtsverletzung nicht zumutbar. Bei Bekanntwerden von Rechtsverletzungen werden wir derartige Links umgehend entfernen.<\/p>\n<p><strong>Urheberrecht<\/strong><\/p>\n<p>Die durch die Seitenbetreiber erstellten Inhalte und Werke auf diesen Seiten unterliegen dem deutschen Urheberrecht. Die Vervielf\u00e4ltigung, Bearbeitung, Verbreitung und jede Art der Verwertung au\u00dferhalb der Grenzen des Urheberrechtes bed\u00fcrfen der schriftlichen Zustimmung des jeweiligen Autors bzw. Erstellers. Downloads und Kopien dieser Seite sind nur f\u00fcr den privaten, nicht kommerziellen Gebrauch gestattet. Soweit die Inhalte auf dieser Seite nicht vom Betreiber erstellt wurden, werden die Urheberrechte Dritter beachtet. Insbesondere werden Inhalte Dritter als solche gekennzeichnet. Sollten Sie trotzdem auf eine Urheberrechtsverletzung aufmerksam werden, bitten wir um einen entsprechenden Hinweis. Bei Bekanntwerden von Rechtsverletzungen werden wir derartige Inhalte umgehend entfernen.<\/p>\n","protected":false},"excerpt":{"rendered":"<p>Datenschutzerkl\u00e4rung und Informationspflicht nach Art. 13, 14 DSGVO Ihre Rechte als Nutzer Sie haben nach Ma\u00dfgabe der Artikel 15, 16, 17, 18 und 21 EU-DSGVO gegen\u00fcber uns folgende Rechte hinsichtlich der Sie betreffenden personenbezogenen Daten: Recht auf Auskunft, Recht auf Berichtigung oder L\u00f6schung, Recht auf Einschr\u00e4nkung der Verarbeitung, Recht auf Widerspruch gegen die Verarbeitung, Recht &hellip; <a href=\"https:\/\/www.ggs-brueggen.de\/?page_id=110\" class=\"more-link\"><span class=\"screen-reader-text\">Impressum\/Datenschutz<\/span> weiterlesen <span class=\"meta-nav\">&rarr;<\/span><\/a><\/p>\n","protected":false},"author":5,"featured_media":0,"parent":0,"menu_order":8,"comment_status":"closed","ping_status":"closed","template":"","meta":{"footnotes":""},"class_list":["post-110","page","type-page","status-publish","hentry"],"_links":{"self":[{"href":"https:\/\/www.ggs-brueggen.de\/index.php?rest_route=\/wp\/v2\/pages\/110","targetHints":{"allow":["GET"]}}],"collection":[{"href":"https:\/\/www.ggs-brueggen.de\/index.php?rest_route=\/wp\/v2\/pages"}],"about":[{"href":"https:\/\/www.ggs-brueggen.de\/index.php?rest_route=\/wp\/v2\/types\/page"}],"author":[{"embeddable":true,"href":"https:\/\/www.ggs-brueggen.de\/index.php?rest_route=\/wp\/v2\/users\/5"}],"replies":[{"embeddable":true,"href":"https:\/\/www.ggs-brueggen.de\/index.php?rest_route=%2Fwp%2Fv2%2Fcomments&post=110"}],"version-history":[{"count":22,"href":"https:\/\/www.ggs-brueggen.de\/index.php?rest_route=\/wp\/v2\/pages\/110\/revisions"}],"predecessor-version":[{"id":5148,"href":"https:\/\/www.ggs-brueggen.de\/index.php?rest_route=\/wp\/v2\/pages\/110\/revisions\/5148"}],"wp:attachment":[{"href":"https:\/\/www.ggs-brueggen.de\/index.php?rest_route=%2Fwp%2Fv2%2Fmedia&parent=110"}],"curies":[{"name":"wp","href":"https:\/\/api.w.org\/{rel}","templated":true}]}}